{"id":394,"date":"2024-03-10T13:46:14","date_gmt":"2024-03-10T13:46:14","guid":{"rendered":"https:\/\/asdvbonaparte.nl\/?page_id=394"},"modified":"2024-09-14T08:10:33","modified_gmt":"2024-09-14T08:10:33","slug":"bestuur","status":"publish","type":"page","link":"https:\/\/asdvbonaparte.nl\/en\/bestuur\/","title":{"rendered":"Board 2023-2024"},"content":{"rendered":"<div class=\"wp-block-columns are-vertically-aligned-center is-layout-flex wp-container-core-columns-is-layout-d13b6e79 wp-block-columns-is-layout-flex\" style=\"padding-right:var(--wp--preset--spacing--40);padding-left:var(--wp--preset--spacing--40)\">\n<div class=\"wp-block-column is-vertically-aligned-center is-layout-flow wp-block-column-is-layout-flow\"><div class=\"wp-block-image\">\n<figure class=\"aligncenter size-large is-resized\"><img loading=\"lazy\" decoding=\"async\" width=\"2560\" height=\"2560\" src=\"https:\/\/asdvbonaparte.nl\/wp-content\/uploads\/2024\/03\/DSC05249-edited-scaled.jpg\" alt=\"\" class=\"wp-image-476\" style=\"width:450px\" srcset=\"https:\/\/asdvbonaparte.nl\/wp-content\/uploads\/2024\/03\/DSC05249-edited-scaled.jpg 2560w, https:\/\/asdvbonaparte.nl\/wp-content\/uploads\/2024\/03\/DSC05249-edited-300x300.jpg 300w, https:\/\/asdvbonaparte.nl\/wp-content\/uploads\/2024\/03\/DSC05249-edited-1024x1024.jpg 1024w, https:\/\/asdvbonaparte.nl\/wp-content\/uploads\/2024\/03\/DSC05249-edited-150x150.jpg 150w, https:\/\/asdvbonaparte.nl\/wp-content\/uploads\/2024\/03\/DSC05249-edited-768x768.jpg 768w, https:\/\/asdvbonaparte.nl\/wp-content\/uploads\/2024\/03\/DSC05249-edited-1536x1536.jpg 1536w, https:\/\/asdvbonaparte.nl\/wp-content\/uploads\/2024\/03\/DSC05249-edited-2048x2048.jpg 2048w, https:\/\/asdvbonaparte.nl\/wp-content\/uploads\/2024\/03\/DSC05249-edited-12x12.jpg 12w\" sizes=\"auto, (max-width: 2560px) 100vw, 2560px\" \/><\/figure><\/div><\/div>\n\n\n\n<div class=\"wp-block-column is-vertically-aligned-center is-layout-flow wp-block-column-is-layout-flow\">\n<p>Meet the 26th board of ASDV Bonaparte. A number of board members have unfortunately quit through the year, but we have also been able to hire new ones so that we now have six motivated board members.<br><br>These four students, one working and one future student are committed day in and day out to making Bonaparte better.<\/p>\n<\/div>\n<\/div>\n\n\n\n<div class=\"wp-block-columns are-vertically-aligned-center has-nv-c-2-background-color has-background is-layout-flex wp-container-core-columns-is-layout-c8107be9 wp-block-columns-is-layout-flex\" style=\"padding-top:var(--wp--preset--spacing--60);padding-right:var(--wp--preset--spacing--40);padding-bottom:var(--wp--preset--spacing--60);padding-left:var(--wp--preset--spacing--40)\">\n<div class=\"wp-block-column is-vertically-aligned-center is-layout-flow wp-block-column-is-layout-flow\">\n<p class=\"has-large-font-size\">Saskia Bergmann \u2013 Chair<\/p>\n\n\n\n<p>Saskia is now in her third year on the board and is the glue that holds this 26th board together. She joined the group later on to help the brand new board out and she has succeeded very well. With her leadership, knowledge of the debate world and her strong attitude, she has led this board to be the most successful in recent years. <\/p>\n<\/div>\n\n\n\n<div class=\"wp-block-column is-vertically-aligned-center is-layout-flow wp-block-column-is-layout-flow\"><div class=\"wp-block-image\">\n<figure class=\"aligncenter size-large is-resized\"><img loading=\"lazy\" decoding=\"async\" width=\"2560\" height=\"2560\" src=\"https:\/\/asdvbonaparte.nl\/wp-content\/uploads\/2024\/03\/DSC05287-edited-scaled.jpg\" alt=\"\" class=\"wp-image-483\" style=\"width:400px\" srcset=\"https:\/\/asdvbonaparte.nl\/wp-content\/uploads\/2024\/03\/DSC05287-edited-scaled.jpg 2560w, https:\/\/asdvbonaparte.nl\/wp-content\/uploads\/2024\/03\/DSC05287-edited-300x300.jpg 300w, https:\/\/asdvbonaparte.nl\/wp-content\/uploads\/2024\/03\/DSC05287-edited-1024x1024.jpg 1024w, https:\/\/asdvbonaparte.nl\/wp-content\/uploads\/2024\/03\/DSC05287-edited-150x150.jpg 150w, https:\/\/asdvbonaparte.nl\/wp-content\/uploads\/2024\/03\/DSC05287-edited-768x768.jpg 768w, https:\/\/asdvbonaparte.nl\/wp-content\/uploads\/2024\/03\/DSC05287-edited-1536x1536.jpg 1536w, https:\/\/asdvbonaparte.nl\/wp-content\/uploads\/2024\/03\/DSC05287-edited-2048x2048.jpg 2048w, https:\/\/asdvbonaparte.nl\/wp-content\/uploads\/2024\/03\/DSC05287-edited-12x12.jpg 12w\" sizes=\"auto, (max-width: 2560px) 100vw, 2560px\" \/><\/figure><\/div><\/div>\n<\/div>\n\n\n\n<div class=\"wp-block-columns is-layout-flex wp-container-core-columns-is-layout-fdc005d2 wp-block-columns-is-layout-flex\" style=\"padding-top:0;padding-right:var(--wp--preset--spacing--40);padding-bottom:0;padding-left:var(--wp--preset--spacing--40)\">\n<div class=\"wp-block-column is-layout-flow wp-block-column-is-layout-flow\"><div class=\"wp-block-image\">\n<figure class=\"aligncenter size-large is-resized\"><img loading=\"lazy\" decoding=\"async\" width=\"1024\" height=\"1024\" src=\"https:\/\/asdvbonaparte.nl\/wp-content\/uploads\/2024\/03\/DSC05302-1-1024x1024.jpg\" alt=\"\" class=\"wp-image-486\" style=\"width:400px\" srcset=\"https:\/\/asdvbonaparte.nl\/wp-content\/uploads\/2024\/03\/DSC05302-1-1024x1024.jpg 1024w, https:\/\/asdvbonaparte.nl\/wp-content\/uploads\/2024\/03\/DSC05302-1-300x300.jpg 300w, https:\/\/asdvbonaparte.nl\/wp-content\/uploads\/2024\/03\/DSC05302-1-150x150.jpg 150w, https:\/\/asdvbonaparte.nl\/wp-content\/uploads\/2024\/03\/DSC05302-1-768x769.jpg 768w, https:\/\/asdvbonaparte.nl\/wp-content\/uploads\/2024\/03\/DSC05302-1-1534x1536.jpg 1534w, https:\/\/asdvbonaparte.nl\/wp-content\/uploads\/2024\/03\/DSC05302-1-12x12.jpg 12w\" sizes=\"auto, (max-width: 1024px) 100vw, 1024px\" \/><\/figure><\/div><\/div>\n\n\n\n<div class=\"wp-block-column is-vertically-aligned-center is-layout-flow wp-block-column-is-layout-flow\">\n<p class=\"has-large-font-size\">Kai Stouthart \u2013 Secretary\/Vice-chair<\/p>\n\n\n\n<p>Kai is a dedicated law student, complimenting the board with his knowledge of systems and practices and his attitude to make things work well. As secretary, his contributions to this society in the form of, for example, this beautiful website and improved by-laws will make a good impact for a long time. Most importantly, however, he will forever be known as the board member that went to more than 10 constitution Borrels representing our society and used his martial arts skills to win us many many gifts from other boards.<\/p>\n<\/div>\n<\/div>\n\n\n\n<div class=\"wp-block-columns has-nv-c-2-background-color has-background is-layout-flex wp-container-core-columns-is-layout-c8107be9 wp-block-columns-is-layout-flex\" style=\"padding-top:var(--wp--preset--spacing--60);padding-right:var(--wp--preset--spacing--40);padding-bottom:var(--wp--preset--spacing--60);padding-left:var(--wp--preset--spacing--40)\">\n<div class=\"wp-block-column is-vertically-aligned-center is-layout-flow wp-block-column-is-layout-flow\">\n<p class=\"has-large-font-size\">Joie Rouwendaal \u2013 Treasurer<\/p>\n\n\n\n<p>Joie, is simply a wizard with numbers, and known for her kind and welcoming energy. She has been a long standing member of Bona and stepped up to the plate to be an excellent addition to the team as our new Treasurer. She keeps the books but also lightens the mood with her fun and endless supply of fun stories. From our holiday budgets to preparing for big tournaments she has been at the heart of things making sure people have the best time and within budget. Team players are hard to find, Joie just turned out to be one of\u00a0the\u00a0best\u00a0ones.<\/p>\n<\/div>\n\n\n\n<div class=\"wp-block-column is-layout-flow wp-block-column-is-layout-flow\"><div class=\"wp-block-image\">\n<figure class=\"aligncenter size-large is-resized\"><img loading=\"lazy\" decoding=\"async\" width=\"1024\" height=\"1024\" src=\"https:\/\/asdvbonaparte.nl\/wp-content\/uploads\/2024\/03\/DSC05298-1-1024x1024.jpg\" alt=\"\" class=\"wp-image-489\" style=\"width:400px\" srcset=\"https:\/\/asdvbonaparte.nl\/wp-content\/uploads\/2024\/03\/DSC05298-1-1024x1024.jpg 1024w, https:\/\/asdvbonaparte.nl\/wp-content\/uploads\/2024\/03\/DSC05298-1-300x300.jpg 300w, https:\/\/asdvbonaparte.nl\/wp-content\/uploads\/2024\/03\/DSC05298-1-150x150.jpg 150w, https:\/\/asdvbonaparte.nl\/wp-content\/uploads\/2024\/03\/DSC05298-1-768x768.jpg 768w, https:\/\/asdvbonaparte.nl\/wp-content\/uploads\/2024\/03\/DSC05298-1-1536x1536.jpg 1536w, https:\/\/asdvbonaparte.nl\/wp-content\/uploads\/2024\/03\/DSC05298-1-2048x2048.jpg 2048w, https:\/\/asdvbonaparte.nl\/wp-content\/uploads\/2024\/03\/DSC05298-1-12x12.jpg 12w\" sizes=\"auto, (max-width: 1024px) 100vw, 1024px\" \/><\/figure><\/div><\/div>\n<\/div>\n\n\n\n<div class=\"wp-block-columns is-layout-flex wp-container-core-columns-is-layout-d13b6e79 wp-block-columns-is-layout-flex\" style=\"padding-right:var(--wp--preset--spacing--40);padding-left:var(--wp--preset--spacing--40)\">\n<div class=\"wp-block-column is-layout-flow wp-block-column-is-layout-flow\"><div class=\"wp-block-image\">\n<figure class=\"aligncenter size-large is-resized\"><img loading=\"lazy\" decoding=\"async\" width=\"1024\" height=\"1024\" src=\"https:\/\/asdvbonaparte.nl\/wp-content\/uploads\/2024\/03\/DSC05292-1024x1024.jpg\" alt=\"\" class=\"wp-image-492\" style=\"width:400px\" srcset=\"https:\/\/asdvbonaparte.nl\/wp-content\/uploads\/2024\/03\/DSC05292-1024x1024.jpg 1024w, https:\/\/asdvbonaparte.nl\/wp-content\/uploads\/2024\/03\/DSC05292-300x300.jpg 300w, https:\/\/asdvbonaparte.nl\/wp-content\/uploads\/2024\/03\/DSC05292-150x150.jpg 150w, https:\/\/asdvbonaparte.nl\/wp-content\/uploads\/2024\/03\/DSC05292-768x768.jpg 768w, https:\/\/asdvbonaparte.nl\/wp-content\/uploads\/2024\/03\/DSC05292-1536x1536.jpg 1536w, https:\/\/asdvbonaparte.nl\/wp-content\/uploads\/2024\/03\/DSC05292-2048x2048.jpg 2048w, https:\/\/asdvbonaparte.nl\/wp-content\/uploads\/2024\/03\/DSC05292-12x12.jpg 12w\" sizes=\"auto, (max-width: 1024px) 100vw, 1024px\" \/><\/figure><\/div><\/div>\n\n\n\n<div class=\"wp-block-column is-vertically-aligned-center is-layout-flow wp-block-column-is-layout-flow\">\n<p class=\"has-large-font-size\">Daan Zieren \u2013 Debate Commissioner<\/p>\n\n\n\n<p>Daan is a passionate debater and debate trainer. Besides his job as debate trainer, he helps Bonaparte by setting up training programs so that members can develop. He accompanies delegations to tournaments nationally and internationally and strives to get as many people to go to tournaments as possible. He also raises money for the clubs by offering courses to external parties. Daan lives in The Hague and is now 22 years old.<\/p>\n<\/div>\n<\/div>\n\n\n\n<div class=\"wp-block-columns are-vertically-aligned-center has-nv-c-2-background-color has-background is-layout-flex wp-container-core-columns-is-layout-95009b0e wp-block-columns-is-layout-flex\" style=\"padding-top:var(--wp--preset--spacing--60);padding-right:var(--wp--preset--spacing--40);padding-bottom:var(--wp--preset--spacing--60);padding-left:var(--wp--preset--spacing--40)\">\n<div class=\"wp-block-column is-vertically-aligned-center is-layout-flow wp-block-column-is-layout-flow\">\n<p class=\"has-large-font-size\">Shaun McQuiston \u2013 PR Commissioner<\/p>\n\n\n\n<p>Shaun, with a background in HR and known for his humor and a thing with a dog and a hoodie, joined the board in the beginning of this year. He makes sure to get us the best designs for our hoodies and (eventually) banners!  Meanwhile, he is also the star of our Instagram, entertaining our followers with his amazing vlogs and behind-the-scenes. Conversations with Shaun are never boring and he always ensures to make people feel welcome. Last but not least, he is secretly a super good cook, keeping all the board members very happy during board hangouts!<\/p>\n<\/div>\n\n\n\n<div class=\"wp-block-column is-vertically-aligned-center is-layout-flow wp-block-column-is-layout-flow\"><div class=\"wp-block-image\">\n<figure class=\"aligncenter size-large is-resized\"><img loading=\"lazy\" decoding=\"async\" width=\"1024\" height=\"1022\" src=\"https:\/\/asdvbonaparte.nl\/wp-content\/uploads\/2024\/03\/DSC05306-1024x1022.jpg\" alt=\"\" class=\"wp-image-503\" style=\"width:400px\" srcset=\"https:\/\/asdvbonaparte.nl\/wp-content\/uploads\/2024\/03\/DSC05306-1024x1022.jpg 1024w, https:\/\/asdvbonaparte.nl\/wp-content\/uploads\/2024\/03\/DSC05306-300x300.jpg 300w, https:\/\/asdvbonaparte.nl\/wp-content\/uploads\/2024\/03\/DSC05306-150x150.jpg 150w, https:\/\/asdvbonaparte.nl\/wp-content\/uploads\/2024\/03\/DSC05306-768x767.jpg 768w, https:\/\/asdvbonaparte.nl\/wp-content\/uploads\/2024\/03\/DSC05306-1536x1534.jpg 1536w, https:\/\/asdvbonaparte.nl\/wp-content\/uploads\/2024\/03\/DSC05306-2048x2045.jpg 2048w, https:\/\/asdvbonaparte.nl\/wp-content\/uploads\/2024\/03\/DSC05306-12x12.jpg 12w\" sizes=\"auto, (max-width: 1024px) 100vw, 1024px\" \/><\/figure><\/div><\/div>\n<\/div>\n\n\n\n<div class=\"wp-block-columns are-vertically-aligned-center is-layout-flex wp-container-core-columns-is-layout-9d6595d7 wp-block-columns-is-layout-flex\">\n<div class=\"wp-block-column is-vertically-aligned-center is-layout-flow wp-block-column-is-layout-flow\"><div class=\"wp-block-image\">\n<figure class=\"aligncenter size-large is-resized\"><img loading=\"lazy\" decoding=\"async\" width=\"1020\" height=\"1024\" src=\"https:\/\/asdvbonaparte.nl\/wp-content\/uploads\/2024\/03\/DSC05313-1020x1024.jpg\" alt=\"\" class=\"wp-image-504\" style=\"width:400px\" srcset=\"https:\/\/asdvbonaparte.nl\/wp-content\/uploads\/2024\/03\/DSC05313-1020x1024.jpg 1020w, https:\/\/asdvbonaparte.nl\/wp-content\/uploads\/2024\/03\/DSC05313-300x300.jpg 300w, https:\/\/asdvbonaparte.nl\/wp-content\/uploads\/2024\/03\/DSC05313-150x150.jpg 150w, https:\/\/asdvbonaparte.nl\/wp-content\/uploads\/2024\/03\/DSC05313-768x771.jpg 768w, https:\/\/asdvbonaparte.nl\/wp-content\/uploads\/2024\/03\/DSC05313-1530x1536.jpg 1530w, https:\/\/asdvbonaparte.nl\/wp-content\/uploads\/2024\/03\/DSC05313-2040x2048.jpg 2040w, https:\/\/asdvbonaparte.nl\/wp-content\/uploads\/2024\/03\/DSC05313-12x12.jpg 12w\" sizes=\"auto, (max-width: 1020px) 100vw, 1020px\" \/><\/figure><\/div><\/div>\n\n\n\n<div class=\"wp-block-column is-vertically-aligned-center is-layout-flow wp-block-column-is-layout-flow\">\n<p class=\"has-large-font-size\">TJ Gates \u2013 Social Commissioner<\/p>\n\n\n\n<p>TJ, is one of the most wild and creative social commissioners this society has ever seen. He is known for his constant energy and passion for organizing events. Although a more recent member, TJ stepped up and had excelled in creating memorable events for all to experience. From IKEA Dinner to D&amp;D Night, he makes sure that each Bonaparte Social is well representing of the society and is inclusive to everyone. It\u2019s the little moments that matter, and TJ can make them happen.<\/p>\n<\/div>\n<\/div>\n\n\n\n<div style=\"height:150px\" aria-hidden=\"true\" class=\"wp-block-spacer\"><\/div>","protected":false},"excerpt":{"rendered":"<p>Maak kennis met het 26ste bestuur van ASDV Bonaparte. Er zijn door het jaar helaas een aantal bestuursleden gestopt, maar we hebben ook nieuwe mogen aannemen waardoor we nu zes gemotiveerde bestuursleden hebben. Deze vier studenten, \u00e9\u00e9n werkende en \u00e9\u00e9n toekomstig student zetten zich dag in en dag uit in voor een beter Bonaparte. Saskia&hellip;&nbsp;<a href=\"https:\/\/asdvbonaparte.nl\/en\/bestuur\/\" class=\"\" rel=\"bookmark\">Read More &raquo;<span class=\"screen-reader-text\">Board 2023-2024<\/span><\/a><\/p>","protected":false},"author":1,"featured_media":0,"parent":0,"menu_order":0,"comment_status":"closed","ping_status":"closed","template":"","meta":{"neve_meta_sidebar":"","neve_meta_container":"","neve_meta_enable_content_width":"","neve_meta_content_width":0,"neve_meta_title_alignment":"","neve_meta_author_avatar":"","neve_post_elements_order":"","neve_meta_disable_header":"","neve_meta_disable_footer":"","neve_meta_disable_title":"","_ti_tpc_template_sync":false,"_ti_tpc_template_id":"","footnotes":""},"class_list":["post-394","page","type-page","status-publish","hentry"],"jetpack_sharing_enabled":true,"_links":{"self":[{"href":"https:\/\/asdvbonaparte.nl\/en\/wp-json\/wp\/v2\/pages\/394","targetHints":{"allow":["GET"]}}],"collection":[{"href":"https:\/\/asdvbonaparte.nl\/en\/wp-json\/wp\/v2\/pages"}],"about":[{"href":"https:\/\/asdvbonaparte.nl\/en\/wp-json\/wp\/v2\/types\/page"}],"author":[{"embeddable":true,"href":"https:\/\/asdvbonaparte.nl\/en\/wp-json\/wp\/v2\/users\/1"}],"replies":[{"embeddable":true,"href":"https:\/\/asdvbonaparte.nl\/en\/wp-json\/wp\/v2\/comments?post=394"}],"version-history":[{"count":17,"href":"https:\/\/asdvbonaparte.nl\/en\/wp-json\/wp\/v2\/pages\/394\/revisions"}],"predecessor-version":[{"id":1003,"href":"https:\/\/asdvbonaparte.nl\/en\/wp-json\/wp\/v2\/pages\/394\/revisions\/1003"}],"wp:attachment":[{"href":"https:\/\/asdvbonaparte.nl\/en\/wp-json\/wp\/v2\/media?parent=394"}],"curies":[{"name":"wp","href":"https:\/\/api.w.org\/{rel}","templated":true}]}}